{"id":17040,"date":"2019-02-23T17:39:45","date_gmt":"2019-02-23T17:39:45","guid":{"rendered":"https:\/\/www.kastisleros.gr\/?page_id=17040"},"modified":"2019-03-31T08:42:12","modified_gmt":"2019-03-31T08:42:12","slug":"costruzione-ristrutturazione","status":"publish","type":"page","link":"https:\/\/www.kastisleros.gr\/it\/costruzione-ristrutturazione\/","title":{"rendered":"COSTRUZIONI &#8211; RISTRUTTURAZIONI &#8211; RESTAURO"},"content":{"rendered":"<p>[vc_row][vc_column width=&#8221;2\/3&#8243;]        <div class=\"noo-about\">\n            <h3 class=\"noo-title\">COSTRUZIONI - RISTRUTTURAZIONI - RESTAURO<\/h3>        <\/div>\n        \n\n        [vc_column_text]<\/p>\n<div>\n<p class=\"m_702156657242093428m_1766338811516067132paragraph\"><span class=\"m_702156657242093428m_1766338811516067132normaltextrun\">La societ\u00e0\u00a0<\/span><span class=\"m_702156657242093428m_1766338811516067132spellingerror\">Kastis<\/span><span class=\"m_702156657242093428m_1766338811516067132normaltextrun\">\u00a0<\/span><span class=\"m_702156657242093428m_1766338811516067132spellingerror\">Constructions<\/span><span class=\"m_702156657242093428m_1766338811516067132normaltextrun\">\u00a0Real Estate con 50 anni di esperienza nel settore delle costruzioni di opere private e pubbliche vi garantisce il miglior risultato per la realizzazione della vostra nuova propriet\u00e0.<\/span><span class=\"m_702156657242093428m_1766338811516067132eop\">\u00a0<\/span><u><\/u><u><\/u><\/p>\n<\/div>\n<div>\n<p class=\"m_702156657242093428m_1766338811516067132paragraph\"><span class=\"m_702156657242093428m_1766338811516067132normaltextrun\">Il nostro team di esperti \u00e8 composto dai migliori ingegneri &#8211; Architetti, Tecnici di\u00a0<\/span><span class=\"m_702156657242093428m_1766338811516067132spellingerror\">Leros<\/span><span class=\"m_702156657242093428m_1766338811516067132normaltextrun\">\u00a0\u00e8 pronto a procedere con la costruzione &#8211; Ristrutturazione della vostra propriet\u00e0 con la firma di\u00a0<\/span><span class=\"m_702156657242093428m_1766338811516067132spellingerror\">Kastis<\/span><span class=\"m_702156657242093428m_1766338811516067132normaltextrun\">\u00a0Construction Real Estate.<\/span><span class=\"m_702156657242093428m_1766338811516067132eop\">\u00a0<\/span><u><\/u><u><\/u><\/p>\n<\/div>\n<div>\n<p class=\"m_702156657242093428m_1766338811516067132paragraph\"><span class=\"m_702156657242093428m_1766338811516067132normaltextrun\">La Societ\u00e0 e il nostro sito di costruzione seguono gli standard in base alle Linee guida europee di assicurazione della qualit\u00e0 per le nostre propriet\u00e0 e strutture, certificate con ISO 9001: 2015.<\/span><span class=\"m_702156657242093428m_1766338811516067132eop\">\u00a0<\/span><u><\/u><u><\/u><\/p>\n<\/div>\n<div>\n<p class=\"m_702156657242093428m_1766338811516067132paragraph\"><span class=\"m_702156657242093428m_1766338811516067132normaltextrun\">Le nostre attrezzature moderne che\u00a0 comprendono escavatori pesanti e una vasta gamma di macchinari per l\u2019edilizia ci permettono di intraprende la costruzione e la ristrutturazione di tutti i tipi di costruzioni immobiliari &#8211; abitazioni tradizionali, edifici e grandi opere pubbliche dal 1968.<\/span><span class=\"m_702156657242093428m_1766338811516067132eop\">\u00a0<\/span><u><\/u><u><\/u><\/p>\n<\/div>\n<div>\n<p class=\"m_702156657242093428m_1766338811516067132paragraph\"><span class=\"m_702156657242093428m_1766338811516067132normaltextrun\">La supervisione quotidiana del opera ci consente di potervi tenere sempre informati tramite e-mail e materiale fotografico per il progresso del lavoro svolto. La nostra collaborazione pluriennale con grandi organizzazioni pubbliche e societ\u00e0 multinazionali indica la conoscenza e la credibilit\u00e0 che forniamo al cliente. I tempi di consegna del progetto sono stabiliti e concordati da entrambe le parti (Cliente &#8211; Impresa di costruzioni), e il lavoro viene consegnato come concordato.\u00a0<\/span><span class=\"m_702156657242093428m_1766338811516067132spellingerror\">Kastis<\/span><span class=\"m_702156657242093428m_1766338811516067132normaltextrun\">\u00a0Construction sar\u00e0 onorata di avervi tra i suoi clienti soddisfatti.<\/span><span class=\"m_702156657242093428m_1766338811516067132eop\">\u00a0<\/span><u><\/u><u><\/u><\/p>\n<\/div>\n<div>\n<p class=\"m_702156657242093428m_1766338811516067132paragraph\"><span class=\"m_702156657242093428m_1766338811516067132normaltextrun\">Adesso la Costruzione e la Ristrutturazione a\u00a0<\/span><span class=\"m_702156657242093428m_1766338811516067132spellingerror\">Leros<\/span><span class=\"m_702156657242093428m_1766338811516067132normaltextrun\">\u00a0ha il proprio nome.\u00a0<\/span><span class=\"m_702156657242093428m_1766338811516067132spellingerror\">Kastis<\/span><span class=\"m_702156657242093428m_1766338811516067132normaltextrun\">\u00a0Construction Real Estate<\/span><span class=\"m_702156657242093428m_1766338811516067132eop\">\u00a0<\/span><\/p>\n<\/div>\n<p>[\/vc_column_text][\/vc_column][vc_column width=&#8221;1\/3&#8243;][vc_gallery type=&#8221;image_grid&#8221; images=&#8221;8500,8494,8482,8470,8473,8476,8479,8488,8491,8485&#8243; img_size=&#8221;100&#215;100&#8243;][\/vc_column][\/vc_row][vc_row][vc_column][\/vc_column][\/vc_row]<\/p>\n","protected":false},"excerpt":{"rendered":"<p>[vc_row][vc_column width=&#8221;2\/3&#8243;][vc_column_text] La societ\u00e0\u00a0Kastis\u00a0Constructions\u00a0Real Estate con 50 anni di esperienza nel settore delle costruzioni di opere private e pubbliche vi garantisce il miglior risultato per la realizzazione della vostra nuova propriet\u00e0.\u00a0 Il nostro team di esperti \u00e8 composto dai migliori ingegneri &#8211; Architetti, Tecnici di\u00a0Leros\u00a0\u00e8 pronto a procedere con la costruzione &#8211; Ristrutturazione della vostra propriet\u00e0 con la firma di\u00a0Kastis\u00a0Construction&#8230;<\/p>\n<div><\/div>\n","protected":false},"author":1,"featured_media":0,"parent":0,"menu_order":0,"comment_status":"closed","ping_status":"closed","template":"page-right-sidebar.php","meta":{"_mi_skip_tracking":false},"yoast_head":"<!-- This site is optimized with the Yoast SEO Premium plugin v18.6 (Yoast SEO v19.0) - https:\/\/yoast.com\/wordpress\/plugins\/seo\/ -->\n<title>COSTRUZIONI - RISTRUTTURAZIONI - RESTAURO - Kastis Constructions<\/title>\n<meta name=\"description\" content=\"COSTRUZIONI - RISTRUTTURAZIONI - RESTAURO\" \/>\n<meta name=\"robots\" content=\"index, follow, max-snippet:-1, max-image-preview:large, max-video-preview:-1\" \/>\n<link rel=\"canonical\" href=\"https:\/\/www.kastisleros.gr\/it\/costruzione-ristrutturazione\/\" \/>\n<meta property=\"og:locale\" content=\"it_IT\" \/>\n<meta property=\"og:type\" content=\"article\" \/>\n<meta property=\"og:title\" content=\"COSTRUZIONI - RISTRUTTURAZIONI - RESTAURO\" \/>\n<meta property=\"og:description\" content=\"COSTRUZIONI - RISTRUTTURAZIONI - RESTAURO\" \/>\n<meta property=\"og:url\" content=\"https:\/\/www.kastisleros.gr\/it\/costruzione-ristrutturazione\/\" \/>\n<meta property=\"og:site_name\" content=\"Kastis Constructions\" \/>\n<meta property=\"article:publisher\" content=\"http:\/\/fb.com\/kastisleros\" \/>\n<meta property=\"article:modified_time\" content=\"2019-03-31T08:42:12+00:00\" \/>\n<meta name=\"twitter:card\" content=\"summary\" \/>\n<meta name=\"twitter:label1\" content=\"Tempo di lettura stimato\" \/>\n\t<meta name=\"twitter:data1\" content=\"1 minuto\" \/>\n<script type=\"application\/ld+json\" class=\"yoast-schema-graph\">{\"@context\":\"https:\/\/schema.org\",\"@graph\":[{\"@type\":\"Organization\",\"@id\":\"https:\/\/www.kastisleros.gr\/it\/fr\/#organization\",\"name\":\"Real Estate Leros Kastis\",\"url\":\"https:\/\/www.kastisleros.gr\/it\/fr\/\",\"sameAs\":[\"http:\/\/fb.com\/kastisleros\"],\"logo\":{\"@type\":\"ImageObject\",\"inLanguage\":\"it-IT\",\"@id\":\"https:\/\/www.kastisleros.gr\/it\/fr\/#\/schema\/logo\/image\/\",\"url\":\"https:\/\/www.kastisleros.gr\/wp-content\/uploads\/2019\/03\/cropped-logo_iso.png\",\"contentUrl\":\"https:\/\/www.kastisleros.gr\/wp-content\/uploads\/2019\/03\/cropped-logo_iso.png\",\"width\":300,\"height\":115,\"caption\":\"Real Estate Leros Kastis\"},\"image\":{\"@id\":\"https:\/\/www.kastisleros.gr\/it\/fr\/#\/schema\/logo\/image\/\"}},{\"@type\":\"WebSite\",\"@id\":\"https:\/\/www.kastisleros.gr\/it\/fr\/#website\",\"url\":\"https:\/\/www.kastisleros.gr\/it\/fr\/\",\"name\":\"Kastis Constructions\",\"description\":\"Leros Real Estate\",\"publisher\":{\"@id\":\"https:\/\/www.kastisleros.gr\/it\/fr\/#organization\"},\"potentialAction\":[{\"@type\":\"SearchAction\",\"target\":{\"@type\":\"EntryPoint\",\"urlTemplate\":\"https:\/\/www.kastisleros.gr\/it\/fr\/?s={search_term_string}\"},\"query-input\":\"required name=search_term_string\"}],\"inLanguage\":\"it-IT\"},{\"@type\":\"WebPage\",\"@id\":\"https:\/\/www.kastisleros.gr\/it\/costruzione-ristrutturazione\/#webpage\",\"url\":\"https:\/\/www.kastisleros.gr\/it\/costruzione-ristrutturazione\/\",\"name\":\"COSTRUZIONI - RISTRUTTURAZIONI - RESTAURO - Kastis Constructions\",\"isPartOf\":{\"@id\":\"https:\/\/www.kastisleros.gr\/it\/fr\/#website\"},\"datePublished\":\"2019-02-23T17:39:45+00:00\",\"dateModified\":\"2019-03-31T08:42:12+00:00\",\"description\":\"COSTRUZIONI - RISTRUTTURAZIONI - RESTAURO\",\"breadcrumb\":{\"@id\":\"https:\/\/www.kastisleros.gr\/it\/costruzione-ristrutturazione\/#breadcrumb\"},\"inLanguage\":\"it-IT\",\"potentialAction\":[{\"@type\":\"ReadAction\",\"target\":[\"https:\/\/www.kastisleros.gr\/it\/costruzione-ristrutturazione\/\"]}]},{\"@type\":\"BreadcrumbList\",\"@id\":\"https:\/\/www.kastisleros.gr\/it\/costruzione-ristrutturazione\/#breadcrumb\",\"itemListElement\":[{\"@type\":\"ListItem\",\"position\":1,\"name\":\"Home\",\"item\":\"https:\/\/www.kastisleros.gr\/it\/\"},{\"@type\":\"ListItem\",\"position\":2,\"name\":\"COSTRUZIONI &#8211; RISTRUTTURAZIONI &#8211; RESTAURO\"}]}]}<\/script>\n<!-- \/ Yoast SEO Premium plugin. -->","yoast_head_json":{"title":"COSTRUZIONI - RISTRUTTURAZIONI - RESTAURO - Kastis Constructions","description":"COSTRUZIONI - RISTRUTTURAZIONI - RESTAURO","robots":{"index":"index","follow":"follow","max-snippet":"max-snippet:-1","max-image-preview":"max-image-preview:large","max-video-preview":"max-video-preview:-1"},"canonical":"https:\/\/www.kastisleros.gr\/it\/costruzione-ristrutturazione\/","og_locale":"it_IT","og_type":"article","og_title":"COSTRUZIONI - RISTRUTTURAZIONI - RESTAURO","og_description":"COSTRUZIONI - RISTRUTTURAZIONI - RESTAURO","og_url":"https:\/\/www.kastisleros.gr\/it\/costruzione-ristrutturazione\/","og_site_name":"Kastis Constructions","article_publisher":"http:\/\/fb.com\/kastisleros","article_modified_time":"2019-03-31T08:42:12+00:00","twitter_card":"summary","twitter_misc":{"Tempo di lettura stimato":"1 minuto"},"schema":{"@context":"https:\/\/schema.org","@graph":[{"@type":"Organization","@id":"https:\/\/www.kastisleros.gr\/it\/fr\/#organization","name":"Real Estate Leros Kastis","url":"https:\/\/www.kastisleros.gr\/it\/fr\/","sameAs":["http:\/\/fb.com\/kastisleros"],"logo":{"@type":"ImageObject","inLanguage":"it-IT","@id":"https:\/\/www.kastisleros.gr\/it\/fr\/#\/schema\/logo\/image\/","url":"https:\/\/www.kastisleros.gr\/wp-content\/uploads\/2019\/03\/cropped-logo_iso.png","contentUrl":"https:\/\/www.kastisleros.gr\/wp-content\/uploads\/2019\/03\/cropped-logo_iso.png","width":300,"height":115,"caption":"Real Estate Leros Kastis"},"image":{"@id":"https:\/\/www.kastisleros.gr\/it\/fr\/#\/schema\/logo\/image\/"}},{"@type":"WebSite","@id":"https:\/\/www.kastisleros.gr\/it\/fr\/#website","url":"https:\/\/www.kastisleros.gr\/it\/fr\/","name":"Kastis Constructions","description":"Leros Real Estate","publisher":{"@id":"https:\/\/www.kastisleros.gr\/it\/fr\/#organization"},"potentialAction":[{"@type":"SearchAction","target":{"@type":"EntryPoint","urlTemplate":"https:\/\/www.kastisleros.gr\/it\/fr\/?s={search_term_string}"},"query-input":"required name=search_term_string"}],"inLanguage":"it-IT"},{"@type":"WebPage","@id":"https:\/\/www.kastisleros.gr\/it\/costruzione-ristrutturazione\/#webpage","url":"https:\/\/www.kastisleros.gr\/it\/costruzione-ristrutturazione\/","name":"COSTRUZIONI - RISTRUTTURAZIONI - RESTAURO - Kastis Constructions","isPartOf":{"@id":"https:\/\/www.kastisleros.gr\/it\/fr\/#website"},"datePublished":"2019-02-23T17:39:45+00:00","dateModified":"2019-03-31T08:42:12+00:00","description":"COSTRUZIONI - RISTRUTTURAZIONI - RESTAURO","breadcrumb":{"@id":"https:\/\/www.kastisleros.gr\/it\/costruzione-ristrutturazione\/#breadcrumb"},"inLanguage":"it-IT","potentialAction":[{"@type":"ReadAction","target":["https:\/\/www.kastisleros.gr\/it\/costruzione-ristrutturazione\/"]}]},{"@type":"BreadcrumbList","@id":"https:\/\/www.kastisleros.gr\/it\/costruzione-ristrutturazione\/#breadcrumb","itemListElement":[{"@type":"ListItem","position":1,"name":"Home","item":"https:\/\/www.kastisleros.gr\/it\/"},{"@type":"ListItem","position":2,"name":"COSTRUZIONI &#8211; RISTRUTTURAZIONI &#8211; RESTAURO"}]}]}},"_links":{"self":[{"href":"https:\/\/www.kastisleros.gr\/it\/wp-json\/wp\/v2\/pages\/17040"}],"collection":[{"href":"https:\/\/www.kastisleros.gr\/it\/wp-json\/wp\/v2\/pages"}],"about":[{"href":"https:\/\/www.kastisleros.gr\/it\/wp-json\/wp\/v2\/types\/page"}],"author":[{"embeddable":true,"href":"https:\/\/www.kastisleros.gr\/it\/wp-json\/wp\/v2\/users\/1"}],"replies":[{"embeddable":true,"href":"https:\/\/www.kastisleros.gr\/it\/wp-json\/wp\/v2\/comments?post=17040"}],"version-history":[{"count":7,"href":"https:\/\/www.kastisleros.gr\/it\/wp-json\/wp\/v2\/pages\/17040\/revisions"}],"predecessor-version":[{"id":17423,"href":"https:\/\/www.kastisleros.gr\/it\/wp-json\/wp\/v2\/pages\/17040\/revisions\/17423"}],"wp:attachment":[{"href":"https:\/\/www.kastisleros.gr\/it\/wp-json\/wp\/v2\/media?parent=17040"}],"curies":[{"name":"wp","href":"https:\/\/api.w.org\/{rel}","templated":true}]}}